{"id":162,"date":"2015-04-02T21:02:08","date_gmt":"2015-04-02T19:02:08","guid":{"rendered":"http:\/\/dudek-net.com\/main\/?page_id=162"},"modified":"2023-12-11T16:40:06","modified_gmt":"2023-12-11T14:40:06","slug":"projekty","status":"publish","type":"page","link":"https:\/\/dudek-net.com\/main\/pl\/muzyka\/projekty\/","title":{"rendered":"Projekty"},"content":{"rendered":"<h2 style=\"text-align: left;\"><a href=\"http:\/\/www.darius-dudek-trio.de\" target=\"_blank\" rel=\"noopener\"><strong><em>darius dudek trio<\/em><\/strong><\/a><\/h2>\n<p>Grupa jazzowa z Oberhausen, kt\u00f3ra zosta\u0142a za\u0142o\u017cona w 2012 roku przez trzech entuzjastycznych muzyk\u00f3w jazzowych. Wi\u0119cej informacji na <a href=\"https:\/\/www.darius-dudek-trio.de\" target=\"_blank\" rel=\"noopener\">stronie internetowej trio<\/a>.<\/p>\n<h2 style=\"text-align: left;\"><strong><em><a href=\"http:\/\/www.electrio.de\" target=\"_blank\" rel=\"noopener\">electrio<\/a><\/em><\/strong><\/h2>\n<p>Funk-jazzowy zesp\u00f3\u0142 z Zag\u0142\u0119bia Ruhry jest to imponuj\u0105cy projekt, kt\u00f3ry jest realizowany przez 4 muzyk\u00f3w. Zajrzyj na na <a href=\"http:\/\/www.electrio.de\" target=\"_blank\" rel=\"noopener\">stron\u0119 internetow\u0105 zespo\u0142u<\/a> i pos\u0142uchaj pr\u00f3bek.<\/p>\n<h2><strong><em><a href=\"https:\/\/www.feel-fine.de\" target=\"_blank\" rel=\"noopener\">Feel-Fine<\/a><\/em><\/strong><\/h2>\n<p>&#8222;A tribute to funk and soul&#8220;.<br \/>\nGram na klawiszach w tym wspania\u0142ym zespole od grudnia 2023 roku!<\/p>\n","protected":false},"excerpt":{"rendered":"<p class=\"excerpt\">darius dudek trio Grupa jazzowa z Oberhausen, kt\u00f3ra zosta\u0142a za\u0142o\u017cona w 2012 roku przez trzech entuzjastycznych muzyk\u00f3w jazzowych. Wi\u0119cej informacji na stronie internetowej trio. electrio Funk-jazzowy zesp\u00f3\u0142 z Zag\u0142\u0119bia Ruhry jest to imponuj\u0105cy projekt, kt\u00f3ry jest realizowany przez 4 muzyk\u00f3w. Zajrzyj na na stron\u0119 internetow\u0105 zespo\u0142u i pos\u0142uchaj pr\u00f3bek. Feel-Fine &#8222;A tribute to funk and soul&#8220;. Gram na klawiszach w&hellip; <a href=\"https:\/\/dudek-net.com\/main\/pl\/muzyka\/projekty\/\">Read more &rarr;<\/a><\/p>\n","protected":false},"author":1,"featured_media":0,"parent":153,"menu_order":11,"comment_status":"closed","ping_status":"closed","template":"","meta":{"_monsterinsights_skip_tracking":false,"_monsterinsights_sitenote_active":false,"_monsterinsights_sitenote_note":"","_monsterinsights_sitenote_category":0,"footnotes":""},"_links":{"self":[{"href":"https:\/\/dudek-net.com\/main\/wp-json\/wp\/v2\/pages\/162"}],"collection":[{"href":"https:\/\/dudek-net.com\/main\/wp-json\/wp\/v2\/pages"}],"about":[{"href":"https:\/\/dudek-net.com\/main\/wp-json\/wp\/v2\/types\/page"}],"author":[{"embeddable":true,"href":"https:\/\/dudek-net.com\/main\/wp-json\/wp\/v2\/users\/1"}],"replies":[{"embeddable":true,"href":"https:\/\/dudek-net.com\/main\/wp-json\/wp\/v2\/comments?post=162"}],"version-history":[{"count":15,"href":"https:\/\/dudek-net.com\/main\/wp-json\/wp\/v2\/pages\/162\/revisions"}],"predecessor-version":[{"id":555,"href":"https:\/\/dudek-net.com\/main\/wp-json\/wp\/v2\/pages\/162\/revisions\/555"}],"up":[{"embeddable":true,"href":"https:\/\/dudek-net.com\/main\/wp-json\/wp\/v2\/pages\/153"}],"wp:attachment":[{"href":"https:\/\/dudek-net.com\/main\/wp-json\/wp\/v2\/media?parent=162"}],"curies":[{"name":"wp","href":"https:\/\/api.w.org\/{rel}","templated":true}]}}