{"id":149,"date":"2015-04-02T20:37:02","date_gmt":"2015-04-02T18:37:02","guid":{"rendered":"http:\/\/dudek-net.com\/main\/?page_id=149"},"modified":"2023-07-13T21:25:46","modified_gmt":"2023-07-13T19:25:46","slug":"strona-glowna","status":"publish","type":"page","link":"https:\/\/dudek-net.com\/main\/pl\/strona-glowna\/","title":{"rendered":"Strona g\u0142\u00f3wna"},"content":{"rendered":"<p>Witam na mojej witrynie\u00a0internetowej!<\/p>\n<p>Zapraszam do przegl\u0105dni\u0119cia mojej strony i do odkrycia mojej <a title=\"Muzyka\" href=\"https:\/\/dudek-net.com\/main\/?page_id=153&amp;lang=pl\">muzyki<\/a>.<\/p>\n<p>Baw si\u0119 dobrze!<\/p>\n<p>Darek<\/p>\n","protected":false},"excerpt":{"rendered":"<p class=\"excerpt\">Witam na mojej witrynie\u00a0internetowej! Zapraszam do przegl\u0105dni\u0119cia mojej strony i do odkrycia mojej muzyki. Baw si\u0119 dobrze! Darek <a href=\"https:\/\/dudek-net.com\/main\/pl\/strona-glowna\/\">Read more &rarr;<\/a><\/p>\n","protected":false},"author":1,"featured_media":0,"parent":0,"menu_order":1,"comment_status":"closed","ping_status":"closed","template":"","meta":{"_monsterinsights_skip_tracking":false,"_monsterinsights_sitenote_active":false,"_monsterinsights_sitenote_note":"","_monsterinsights_sitenote_category":0,"footnotes":""},"_links":{"self":[{"href":"https:\/\/dudek-net.com\/main\/wp-json\/wp\/v2\/pages\/149"}],"collection":[{"href":"https:\/\/dudek-net.com\/main\/wp-json\/wp\/v2\/pages"}],"about":[{"href":"https:\/\/dudek-net.com\/main\/wp-json\/wp\/v2\/types\/page"}],"author":[{"embeddable":true,"href":"https:\/\/dudek-net.com\/main\/wp-json\/wp\/v2\/users\/1"}],"replies":[{"embeddable":true,"href":"https:\/\/dudek-net.com\/main\/wp-json\/wp\/v2\/comments?post=149"}],"version-history":[{"count":5,"href":"https:\/\/dudek-net.com\/main\/wp-json\/wp\/v2\/pages\/149\/revisions"}],"predecessor-version":[{"id":542,"href":"https:\/\/dudek-net.com\/main\/wp-json\/wp\/v2\/pages\/149\/revisions\/542"}],"wp:attachment":[{"href":"https:\/\/dudek-net.com\/main\/wp-json\/wp\/v2\/media?parent=149"}],"curies":[{"name":"wp","href":"https:\/\/api.w.org\/{rel}","templated":true}]}}